{"id":1444,"date":"2023-05-09T01:36:36","date_gmt":"2023-05-09T05:36:36","guid":{"rendered":"https:\/\/doctoradopsicologia.utalca.cl\/presentation\/"},"modified":"2024-04-05T11:29:30","modified_gmt":"2024-04-05T14:29:30","slug":"presentation","status":"publish","type":"page","link":"https:\/\/doctoradopsicologia.utalca.cl\/en\/presentation\/","title":{"rendered":"Presentation"},"content":{"rendered":"\n<div class=\"inherit-container-width wp-block-group alignfull has-background is-layout-constrained wp-container-core-group-is-layout-7cf34bf8 wp-block-group-is-layout-constrained\" style=\"background-color:#3c687e;padding-top:var(--wp--preset--spacing--70);padding-right:var(--wp--preset--spacing--70);padding-bottom:var(--wp--preset--spacing--70);padding-left:var(--wp--preset--spacing--70)\">\n<div class=\"inherit-container-width wp-block-group is-layout-constrained wp-block-group-is-layout-constrained\">\n<h1 class=\"wp-block-heading has-ast-global-color-5-color has-text-color\" style=\"margin-top:0;margin-right:0;margin-bottom:0;margin-left:0;padding-top:0;padding-right:0;padding-bottom:0;padding-left:0;line-height:1\">Presentation<\/h1>\n\n\n\n<p class=\"has-ast-global-color-5-color has-text-color\"><strong>Application Start<\/strong>:August 2023 \/ Application <strong>Deadline:<\/strong>October 31, 2023 \/ <strong>Classes Start:<\/strong> March 18, 2024<\/p>\n<\/div>\n<\/div>\n\n<div class=\"wp-block-columns is-layout-flex wp-container-core-columns-is-layout-e4a1350d wp-block-columns-is-layout-flex\" style=\"padding-top:var(--wp--preset--spacing--70);padding-right:0;padding-bottom:var(--wp--preset--spacing--70);padding-left:0\">\n<div class=\"wp-block-column is-vertically-aligned-center is-layout-flow wp-block-column-is-layout-flow\">\n<h2 class=\"wp-block-heading has-ast-global-color-2-color has-text-color\">We contribute to the progress of scientific knowledge in Psychology, through human capital<\/h2>\n<\/div>\n\n\n\n<div class=\"wp-block-column is-vertically-aligned-center is-layout-flow wp-block-column-is-layout-flow\">\n<p style=\"margin-top:0;margin-right:0;margin-bottom:0;margin-left:0\">Our program seeks to train autonomous researchers capable of generating scientific knowledge that contributes to the understanding of human behavior and psychological processes based on advanced theories and methodologies in Psychology.<\/p>\n<\/div>\n<\/div>\n\n<div class=\"wp-block-columns has-ast-global-color-6-background-color has-background is-layout-flex wp-container-core-columns-is-layout-f5290ccc wp-block-columns-is-layout-flex\" style=\"border-radius:16px;margin-top:var(--wp--preset--spacing--70);margin-bottom:var(--wp--preset--spacing--70);padding-top:var(--wp--preset--spacing--60);padding-right:var(--wp--preset--spacing--60);padding-bottom:var(--wp--preset--spacing--60);padding-left:var(--wp--preset--spacing--60)\">\n<div class=\"wp-block-column is-layout-flow wp-block-column-is-layout-flow\">\n<p class=\"has-text-align-center has-ast-global-color-8-color has-text-color\" style=\"margin-top:0;margin-right:0;margin-bottom:0;margin-left:0;font-size:60px;font-style:normal;font-weight:700;line-height:1\">1.188<\/p>\n\n\n\n<p class=\"has-text-align-center\">Chronological hours of face-to-face work<\/p>\n<\/div>\n\n\n\n<div class=\"wp-block-column is-layout-flow wp-block-column-is-layout-flow\">\n<p class=\"has-text-align-center has-ast-global-color-8-color has-text-color\" style=\"margin-top:0;margin-right:0;margin-bottom:0;margin-left:0;font-size:60px;font-style:normal;font-weight:700;line-height:1\">5.292<\/p>\n\n\n\n<p class=\"has-text-align-center\">Hours of self-employment<\/p>\n<\/div>\n\n\n\n<div class=\"wp-block-column is-layout-flow wp-block-column-is-layout-flow\">\n<p class=\"has-text-align-center has-ast-global-color-8-color has-text-color\" style=\"margin-top:0;margin-right:0;margin-bottom:0;margin-left:0;font-size:60px;font-style:normal;font-weight:700;line-height:1\">7<\/p>\n\n\n\n<p class=\"has-text-align-center\">Maximum Quotas<\/p>\n<\/div>\n<\/div>\n\n<div class=\"inherit-container-width wp-block-group is-layout-constrained wp-block-group-is-layout-constrained\">\n<div class=\"inherit-container-width wp-block-group is-layout-constrained wp-container-core-group-is-layout-c4539d29 wp-block-group-is-layout-constrained\" style=\"padding-top:0;padding-right:0;padding-bottom:var(--wp--preset--spacing--60);padding-left:0\">\n<h2 class=\"wp-block-heading has-ast-global-color-2-color has-text-color\" style=\"margin-top:0;margin-right:0;margin-bottom:0;margin-left:0\">General Background<\/h2>\n<\/div>\n\n\n\n<div class=\"wp-block-columns is-layout-flex wp-container-core-columns-is-layout-f765f16a wp-block-columns-is-layout-flex\" style=\"padding-top:var(--wp--preset--spacing--30);padding-right:0;padding-bottom:var(--wp--preset--spacing--60);padding-left:0\">\n<div class=\"wp-block-column is-layout-flow wp-block-column-is-layout-flow\" style=\"flex-basis:33.33%\">\n<figure class=\"wp-block-image size-large has-custom-border\"><img loading=\"lazy\" decoding=\"async\" width=\"1024\" height=\"683\" src=\"https:\/\/doctoradopsicologia.utalca.cl\/wp-content\/uploads\/2023\/08\/2-1024x683.jpg\" alt=\"\" class=\"wp-image-1039\" style=\"border-radius:10px\" srcset=\"https:\/\/doctoradopsicologia.utalca.cl\/wp-content\/uploads\/2023\/08\/2-1024x683.jpg 1024w, https:\/\/doctoradopsicologia.utalca.cl\/wp-content\/uploads\/2023\/08\/2-300x200.jpg 300w, https:\/\/doctoradopsicologia.utalca.cl\/wp-content\/uploads\/2023\/08\/2-768x512.jpg 768w, https:\/\/doctoradopsicologia.utalca.cl\/wp-content\/uploads\/2023\/08\/2-1536x1024.jpg 1536w, https:\/\/doctoradopsicologia.utalca.cl\/wp-content\/uploads\/2023\/08\/2-2048x1365.jpg 2048w\" sizes=\"auto, (max-width: 1024px) 100vw, 1024px\" \/><\/figure>\n<\/div>\n\n\n\n<div class=\"wp-block-column is-vertically-aligned-center is-layout-flow wp-block-column-is-layout-flow\" style=\"flex-basis:33.33%\">\n<p style=\"margin-top:0;margin-right:0;margin-bottom:var(--wp--preset--spacing--40);margin-left:0\"><strong>Academic Unit:<\/strong> Faculty of Psychology<\/p>\n\n\n\n<p style=\"margin-top:0;margin-right:0;margin-bottom:var(--wp--preset--spacing--40);margin-left:0\"><strong>Program Director<\/strong>: Dr. Daniel N\u00fa\u00f1ez Guti\u00e9rrez (<a href=\"mailto:dnunez@utalca.cl\">dnunez@utalca.cl<\/a>)<\/p>\n\n\n\n<p style=\"margin-top:0;margin-right:0;margin-bottom:var(--wp--preset--spacing--40);margin-left:0\"><strong>Duration<\/strong>: 4 years<\/p>\n\n\n\n<p style=\"margin-top:0;margin-right:0;margin-bottom:var(--wp--preset--spacing--40);margin-left:0\"><strong>Recipients<\/strong>: Psychologists, and graduates or postgraduates of any discipline, from national or foreign universities, with a manifest interest in developing research in Psychology<\/p>\n\n\n\n<p style=\"margin-top:0;margin-right:0;margin-bottom:var(--wp--preset--spacing--40);margin-left:0\"><strong>Places<\/strong>: Minimum 3, maximum 7<\/p>\n\n\n\n<p style=\"margin-top:0;margin-right:0;margin-bottom:var(--wp--preset--spacing--40);margin-left:0\"><strong>Campus<\/strong>: Talca Campus<\/p>\n<\/div>\n\n\n\n<div class=\"wp-block-column is-vertically-aligned-center is-layout-flow wp-block-column-is-layout-flow\" style=\"flex-basis:33.33%\">\n<p style=\"margin-top:0;margin-right:0;margin-bottom:var(--wp--preset--spacing--40);margin-left:0\"><strong>Application begins<\/strong>: August 01, 2023<\/p>\n\n\n\n<p style=\"margin-top:0;margin-right:0;margin-bottom:var(--wp--preset--spacing--40);margin-left:0\"><strong>Application deadline<\/strong>: October 31, 2023<\/p>\n\n\n\n<p style=\"margin-top:0;margin-right:0;margin-bottom:var(--wp--preset--spacing--40);margin-left:0\"><strong>Classes start<\/strong>: March 18, 2024<\/p>\n\n\n\n<p><\/p>\n\n\n\n<p class=\"has-medium-font-size\" style=\"margin-top:0;margin-right:0;margin-bottom:var(--wp--preset--spacing--40);margin-left:0\"><strong>More information:<\/strong><\/p>\n\n\n\n<p style=\"margin-top:0;margin-right:0;margin-bottom:var(--wp--preset--spacing--40);margin-left:0\"><strong>Phones<\/strong>: (56 \u2013 71) 2201784<br\/><strong>E-mail<\/strong>: <a href=\"mailto:doctorado.psicologia@utalca.cl\">doctorado.psicologia@utalca.cl<\/a><\/p>\n<\/div>\n<\/div>\n<\/div>\n\n<div class=\"inherit-container-width wp-block-group is-layout-constrained wp-block-group-is-layout-constrained\">\n<div class=\"inherit-container-width wp-block-group is-layout-constrained wp-container-core-group-is-layout-f3058d2f wp-block-group-is-layout-constrained\" style=\"padding-top:var(--wp--preset--spacing--60);padding-right:0;padding-bottom:var(--wp--preset--spacing--60);padding-left:0\">\n<p class=\"has-ast-global-color-7-color has-text-color\" style=\"margin-top:0;margin-right:0;margin-bottom:0;margin-left:0;padding-top:0;padding-right:0;padding-bottom:0;padding-left:0\"><strong>Presentation<\/strong><\/p>\n\n\n\n<h2 class=\"wp-block-heading has-ast-global-color-2-color has-text-color\" style=\"margin-top:0;margin-right:0;margin-bottom:0;margin-left:0\">PhD in Psychology<\/h2>\n<\/div>\n\n\n\n<div class=\"wp-block-columns is-layout-flex wp-container-core-columns-is-layout-fb952d55 wp-block-columns-is-layout-flex\" style=\"padding-top:var(--wp--preset--spacing--30);padding-right:0;padding-bottom:var(--wp--preset--spacing--60);padding-left:0\">\n<div class=\"wp-block-column is-layout-flow wp-block-column-is-layout-flow\">\n<p style=\"margin-top:0;margin-right:0;margin-bottom:0;margin-left:0\"><strong>Program Description<\/strong><\/p>\n\n\n\n<p>The Doctorate in Psychology is an academic-scientific program that has mandatory courses, research seminars, and optional courses in accordance with the research lines of the Faculty of Psychology. These courses occur during the first 2 years, while years 3 and 4 are dedicated exclusively to doctoral research. The generation of knowledge is promoted through the preparation of at least 2 articles, the acceptance or publication of an article and the development of a doctoral thesis.<\/p>\n<\/div>\n\n\n\n<div class=\"wp-block-column is-layout-flow wp-block-column-is-layout-flow\">\n<p><strong>Research Areas:<\/strong><\/p>\n\n\n\n<ul class=\"wp-block-list\">\n<li><strong>Cognition and neuroscience<\/strong>: This area contemplates the investigation of psychological and behavioral processes with an emphasis on the study of cognition and neuroscience.<\/li>\n\n\n\n<li><strong>Development and psychopathology<\/strong>: This area includes research in the field of psychopathology and processes associated with human psychological development.<\/li>\n\n\n\n<li><strong>Psychosocial processes<\/strong>: This area includes research on psychosocial processes with an emphasis on human interaction in different social contexts.<\/li>\n<\/ul>\n<\/div>\n<\/div>\n<\/div>\n\n<div class=\"inherit-container-width wp-block-group alignfull has-background is-layout-constrained wp-block-group-is-layout-constrained\" style=\"background-color:#f9fafb;padding-top:var(--wp--preset--spacing--80);padding-bottom:var(--wp--preset--spacing--80)\">\n<div class=\"inherit-container-width wp-block-group is-layout-constrained wp-block-group-is-layout-constrained\">\n<div class=\"wp-block-essential-blocks-accordion\"><div class=\"eb-parent-wrapper eb-parent-eb-accordion-imfmroy \"><div class=\"eb-accordion-container eb-accordion-imfmroy\" data-accordion-type=\"toggle\" data-tab-icon=\"fas fa-plus-circle\" data-expanded-icon=\"fas fa-minus-circle\"><div class=\"eb-accordion-inner\">\n<div class=\"eb-accordion-item-5ps3j20 eb-accordion-wrapper\" data-clickable=\"true\"><div class=\"eb-accordion-title-wrapper\"><span class=\"eb-accordion-icon-wrapper\"><span class=\"fas fa-plus-circle eb-accordion-icon\"><\/span><\/span><h3 class=\"eb-accordion-title\">Temas de investigaci\u00f3n asociados a los miembros actuales del claustro doctoral:<\/h3><\/div><div class=\"eb-accordion-content-wrapper\"><div class=\"eb-accordion-content\">\n<ol class=\"wp-block-list\" type=\"1\">\n<li>Associative and predictive learning<\/li>\n\n\n\n<li>Reasoning and Problem Solving<\/li>\n\n\n\n<li>Social Cognition, Emotion, and Action<\/li>\n\n\n\n<li>Executive functions and their early stimulation<\/li>\n\n\n\n<li>Attachment, Parenting, and Psychopathology<\/li>\n\n\n\n<li>Abuse, Traumatic Stress, PTSD, and Complex PTSD<\/li>\n\n\n\n<li>Early Detection and Intervention in Psychopathology and Suicidal Behavior<\/li>\n\n\n\n<li>Neurocognitive Processes in Clinical Populations Such as ADHD<\/li>\n\n\n\n<li>Psychosocial processes associated with attitudinal change<\/li>\n\n\n\n<li>Psychosocial distress and well-being and quality of life in individuals, groups and organizations<\/li>\n\n\n\n<li>Analysis of Educational Practices<\/li>\n\n\n\n<li>Psychometrics applied to the development of psychosocial models<\/li>\n<\/ol>\n<\/div><\/div><\/div>\n\n\n\n<div class=\"eb-accordion-item-vwk053g eb-accordion-wrapper\" data-clickable=\"false\"><div class=\"eb-accordion-title-wrapper\"><span class=\"eb-accordion-icon-wrapper\"><span class=\"fas fa-plus-circle eb-accordion-icon\"><\/span><\/span><h3 class=\"eb-accordion-title\">Objetivos del Programa<\/h3><\/div><div class=\"eb-accordion-content-wrapper\"><div class=\"eb-accordion-content\">\n<p>General Objectives<\/p>\n\n\n\n<ul class=\"wp-block-list\">\n<li>To train autonomous researchers capable of generating scientific knowledge that contributes to the understanding of human behavior and psychological processes based on advanced theories and methodologies in Psychology.<\/li>\n<\/ul>\n\n\n\n<p>Specific Objectives<\/p>\n\n\n\n<ul class=\"wp-block-list\">\n<li>To provide advanced human capital in psychology to the region and the country, both in academic fields and in other public or private institutions.<\/li>\n\n\n\n<li>Contribute to the academic development of Psychology, providing doctors who have a broad vision of the main current areas of research in Psychology combined with specialized knowledge in some of them.<\/li>\n\n\n\n<li>Contribute to the progress of scientific knowledge in Psychology through the production of research with national and international impact.<\/li>\n<\/ul>\n<\/div><\/div><\/div>\n\n\n\n<div class=\"eb-accordion-item-34xdn2g eb-accordion-wrapper\" data-clickable=\"false\"><div class=\"eb-accordion-title-wrapper\"><span class=\"eb-accordion-icon-wrapper\"><span class=\"fas fa-plus-circle eb-accordion-icon\"><\/span><\/span><h3 class=\"eb-accordion-title\">Perfil de ingreso<\/h3><\/div><div class=\"eb-accordion-content-wrapper\"><div class=\"eb-accordion-content\">\n<p>The program is mainly aimed at psychologists, and graduates or postgraduates of any discipline, from national or foreign universities, with a manifest interest in developing research in Psychology.<br\/>Applicants who enter the DP are expected to be a sample of academic excellence, either by their graduation ranking, experience in research, teaching, participation in research projects, graduate studies or others.<br\/>Completed application documents must be submitted to apply. Subsequently, an admission exam must be given, which consists of an oral presentation of the initial research proposal and then an interview in which the interest and motivation for the program is described.<\/p>\n\n\n\n<p><strong><em>The expected initial competencies are:<\/em><\/strong><\/p>\n\n\n\n<ul class=\"wp-block-list\">\n<li>Possess initial theoretical and practical knowledge in research methodology and descriptive and inferential statistical analysis.<\/li>\n\n\n\n<li>Be able to propose relationships between variables associated with psychological processes.<\/li>\n\n\n\n<li>Have initial experience in teaching or research activities.<\/li>\n\n\n\n<li>Understand scientific articles in English about research in psychology.<\/li>\n<\/ul>\n<\/div><\/div><\/div>\n\n\n\n<div class=\"eb-accordion-item-z0z3aqa eb-accordion-wrapper\" data-clickable=\"false\"><div class=\"eb-accordion-title-wrapper\"><span class=\"eb-accordion-icon-wrapper\"><span class=\"fas fa-plus-circle eb-accordion-icon\"><\/span><\/span><h3 class=\"eb-accordion-title\">Perfil del graduado<\/h3><\/div><div class=\"eb-accordion-content-wrapper\"><div class=\"eb-accordion-content\">\n<p>It is expected that at the end of the DPs program, the graduate will have achieved the following competencies:<\/p>\n\n\n\n<ul class=\"wp-block-list\">\n<li>Analyze human psychological behavior and processes from various contemporary research perspectives.<\/li>\n\n\n\n<li>Select, analyze and synthesize relevant scientific literature on a specific topic of Psychology.<\/li>\n\n\n\n<li>Formulate relevant problems in Psychology and establish relevant research designs.<\/li>\n\n\n\n<li>Apply advanced methodological tools to address research problems in Psychology.<\/li>\n\n\n\n<li>Formulate competitive research projects in Psychology.<\/li>\n\n\n\n<li>Carry out research autonomously that has a national and international impact in a specific area of Psychology.<\/li>\n\n\n\n<li>Communicate research results to the community through scientific publications and other means.<\/li>\n<\/ul>\n<\/div><\/div><\/div>\n<\/div><\/div><\/div><\/div>\n<\/div>\n<\/div>\n\n<div class=\"inherit-container-width wp-block-group alignfull is-layout-constrained wp-container-core-group-is-layout-bf119120 wp-block-group-is-layout-constrained\" style=\"padding-top:var(--wp--preset--spacing--80);padding-right:var(--wp--preset--spacing--50);padding-bottom:var(--wp--preset--spacing--80);padding-left:var(--wp--preset--spacing--50)\">\n<div class=\"inherit-container-width wp-block-group is-layout-constrained wp-block-group-is-layout-constrained\">\n<div class=\"inherit-container-width wp-block-group is-layout-constrained wp-block-group-is-layout-constrained\">\n<h2 class=\"wp-block-heading has-ast-global-color-8-color has-text-color\">Beyond the program<\/h2>\n\n\n\n<p><\/p>\n<\/div>\n<\/div>\n\n\n\n<div class=\"wp-block-columns is-layout-flex wp-container-core-columns-is-layout-08a2a807 wp-block-columns-is-layout-flex\">\n<div class=\"wp-block-column is-layout-flow wp-block-column-is-layout-flow\">\n<div class=\"wp-block-buttons alignfull is-content-justification-center is-layout-flex wp-container-core-buttons-is-layout-a89b3969 wp-block-buttons-is-layout-flex\">\n<div class=\"wp-block-button has-custom-width wp-block-button__width-100 has-custom-font-size fnt-oswald bt-academicos bt-masalla move\" style=\"font-size:32px;font-style:normal;font-weight:500\"><a class=\"wp-block-button__link has-background has-text-align-left wp-element-button\" href=\"https:\/\/doctoradopsicologia.utalca.cl\/en\/academics\/\" style=\"border-radius:10px;background-color:#46677d;padding-top:var(--wp--preset--spacing--40);padding-right:var(--wp--preset--spacing--40);padding-bottom:var(--wp--preset--spacing--40);padding-left:var(--wp--preset--spacing--40)\">Academics [icon name=&#8221;arrow-up&#8221; prefix=&#8221;fas&#8221;]<\/a><\/div>\n<\/div>\n<\/div>\n\n\n\n<div class=\"wp-block-column is-layout-flow wp-block-column-is-layout-flow\">\n<div class=\"wp-block-buttons alignfull is-content-justification-center is-layout-flex wp-container-core-buttons-is-layout-a89b3969 wp-block-buttons-is-layout-flex\">\n<div class=\"wp-block-button has-custom-width wp-block-button__width-100 has-custom-font-size fnt-oswald bt-teal bt-masalla move\" style=\"font-size:32px;font-style:normal;font-weight:500\"><a class=\"wp-block-button__link has-ast-global-color-7-background-color has-background has-text-align-left wp-element-button\" href=\"https:\/\/doctoradopsicologia.utalca.cl\/en\/research\/\" style=\"border-radius:10px;padding-top:var(--wp--preset--spacing--40);padding-right:var(--wp--preset--spacing--40);padding-bottom:var(--wp--preset--spacing--40);padding-left:var(--wp--preset--spacing--40)\">Lines of <br\/>investigation [icon name=&#8221;arrow-up&#8221; prefix=&#8221;fas&#8221;]<\/a><\/div>\n<\/div>\n<\/div>\n\n\n\n<div class=\"wp-block-column is-layout-flow wp-block-column-is-layout-flow\">\n<div class=\"wp-block-buttons alignfull is-content-justification-center is-layout-flex wp-container-core-buttons-is-layout-a89b3969 wp-block-buttons-is-layout-flex\">\n<div class=\"wp-block-button has-custom-width wp-block-button__width-100 has-custom-font-size fnt-oswald bt-azulp bt-masalla move\" style=\"font-size:32px;font-style:normal;font-weight:500\"><a class=\"wp-block-button__link has-ast-global-color-3-background-color has-background has-text-align-left wp-element-button\" href=\"https:\/\/doctoradopsicologia.utalca.cl\/publicaciones\/\" style=\"border-radius:10px;padding-top:var(--wp--preset--spacing--40);padding-right:var(--wp--preset--spacing--40);padding-bottom:var(--wp--preset--spacing--40);padding-left:var(--wp--preset--spacing--40)\">Publications [icon name=&#8221;arrow-up&#8221; prefix=&#8221;fas&#8221;]<\/a><\/div>\n<\/div>\n<\/div>\n<\/div>\n<\/div>\n","protected":false},"excerpt":{"rendered":"<p>Application Start:August 2023 \/ Application Deadline:October 31, 2023 \/ Classes Start: March 18, 2024 We contribute to the progress of scientific knowledge in Psychology, through human capital Our program seeks to train autonomous researchers capable of generating scientific knowledge that contributes to the understanding of human behavior and psychological processes based on advanced theories and [&hellip;]<\/p>\n","protected":false},"author":1,"featured_media":0,"parent":0,"menu_order":0,"comment_status":"closed","ping_status":"closed","template":"","meta":{"_eb_attr":"","site-sidebar-layout":"default","site-content-layout":"","ast-site-content-layout":"default","site-content-style":"default","site-sidebar-style":"default","ast-global-header-display":"","ast-banner-title-visibility":"","ast-main-header-display":"","ast-hfb-above-header-display":"","ast-hfb-below-header-display":"","ast-hfb-mobile-header-display":"","site-post-title":"disabled","ast-breadcrumbs-content":"","ast-featured-img":"","footer-sml-layout":"","theme-transparent-header-meta":"","adv-header-id-meta":"","stick-header-meta":"","header-above-stick-meta":"","header-main-stick-meta":"","header-below-stick-meta":"","astra-migrate-meta-layouts":"default","ast-page-background-enabled":"default","ast-page-background-meta":{"desktop":{"background-color":"var(--ast-global-color-4)","background-image":"","background-repeat":"repeat","background-position":"center center","background-size":"auto","background-attachment":"scroll","background-type":"","background-media":"","overlay-type":"","overlay-color":"","overlay-opacity":"","overlay-gradient":""},"tablet":{"background-color":"","background-image":"","background-repeat":"repeat","background-position":"center center","background-size":"auto","background-attachment":"scroll","background-type":"","background-media":"","overlay-type":"","overlay-color":"","overlay-opacity":"","overlay-gradient":""},"mobile":{"background-color":"","background-image":"","background-repeat":"repeat","background-position":"center center","background-size":"auto","background-attachment":"scroll","background-type":"","background-media":"","overlay-type":"","overlay-color":"","overlay-opacity":"","overlay-gradient":""}},"ast-content-background-meta":{"desktop":{"background-color":"var(--ast-global-color-5)","background-image":"","background-repeat":"repeat","background-position":"center center","background-size":"auto","background-attachment":"scroll","background-type":"","background-media":"","overlay-type":"","overlay-color":"","overlay-opacity":"","overlay-gradient":""},"tablet":{"background-color":"var(--ast-global-color-5)","background-image":"","background-repeat":"repeat","background-position":"center center","background-size":"auto","background-attachment":"scroll","background-type":"","background-media":"","overlay-type":"","overlay-color":"","overlay-opacity":"","overlay-gradient":""},"mobile":{"background-color":"var(--ast-global-color-5)","background-image":"","background-repeat":"repeat","background-position":"center center","background-size":"auto","background-attachment":"scroll","background-type":"","background-media":"","overlay-type":"","overlay-color":"","overlay-opacity":"","overlay-gradient":""}},"footnotes":""},"class_list":["post-1444","page","type-page","status-publish","hentry"],"_links":{"self":[{"href":"https:\/\/doctoradopsicologia.utalca.cl\/en\/wp-json\/wp\/v2\/pages\/1444","targetHints":{"allow":["GET"]}}],"collection":[{"href":"https:\/\/doctoradopsicologia.utalca.cl\/en\/wp-json\/wp\/v2\/pages"}],"about":[{"href":"https:\/\/doctoradopsicologia.utalca.cl\/en\/wp-json\/wp\/v2\/types\/page"}],"author":[{"embeddable":true,"href":"https:\/\/doctoradopsicologia.utalca.cl\/en\/wp-json\/wp\/v2\/users\/1"}],"replies":[{"embeddable":true,"href":"https:\/\/doctoradopsicologia.utalca.cl\/en\/wp-json\/wp\/v2\/comments?post=1444"}],"version-history":[{"count":1,"href":"https:\/\/doctoradopsicologia.utalca.cl\/en\/wp-json\/wp\/v2\/pages\/1444\/revisions"}],"predecessor-version":[{"id":1445,"href":"https:\/\/doctoradopsicologia.utalca.cl\/en\/wp-json\/wp\/v2\/pages\/1444\/revisions\/1445"}],"wp:attachment":[{"href":"https:\/\/doctoradopsicologia.utalca.cl\/en\/wp-json\/wp\/v2\/media?parent=1444"}],"curies":[{"name":"wp","href":"https:\/\/api.w.org\/{rel}","templated":true}]}}